{"id":10,"date":"2020-12-02T07:19:27","date_gmt":"2020-12-02T10:19:27","guid":{"rendered":"https:\/\/www.damai.com.br\/?page_id=10"},"modified":"2023-03-16T13:43:24","modified_gmt":"2023-03-16T16:43:24","slug":"a-damai","status":"publish","type":"page","link":"https:\/\/www.damai.com.br\/index.php\/a-damai\/","title":{"rendered":"Damai"},"content":{"rendered":"\n<p><br><\/p>\n\n\n\n<figure class=\"wp-block-embed is-type-video is-provider-youtube wp-block-embed-youtube wp-embed-aspect-16-9 wp-has-aspect-ratio\"><div class=\"wp-block-embed__wrapper\">\n<iframe loading=\"lazy\" title=\"APRESENTA\u00c7\u00c3O Damai  - Arquitetura Comercial\" width=\"600\" height=\"338\" src=\"https:\/\/www.youtube.com\/embed\/y3RkEBYe3PI?feature=oembed\" frameborder=\"0\" allow=\"accelerometer; autoplay; clipboard-write; encrypted-media; gyroscope; picture-in-picture; web-share\" allowfullscreen><\/iframe>\n<\/div><\/figure>\n\n\n\n<p>Nossa hist\u00f3ria \u00e9 feita de projetos e obras em detalhes.<br>Ao longo de quase duas d\u00e9cadas, ouvimos e entendemos quem busca por uma empresa especializada em projetos e obras comerciais.<\/p>\n\n\n\n<p>Do atendimento \u00e0 entrega, cada etapa \u00e9 cuidadosamente realizada para que se construa o maior valor do nosso neg\u00f3cio: confian\u00e7a m\u00fatua. E tem dado certo. <\/p>\n\n\n\n<p>Quer montar uma empresa e ainda tem d\u00favidas por onde come\u00e7ar? Fale com a Damai Projetos e Solu\u00e7\u00f5es Inteligentes. <\/p>\n\n\n\n<p>Temos uma estrutura completa para atender a sua empresa em qualquer lugar do Brasil.<br>\u2800<br>Com parceiros de confian\u00e7a e qualidade de entrega, nossos especialistas est\u00e3o prontos para atender \u00e0s suas necessidades desde a gest\u00e3o da obra at\u00e9 as estrat\u00e9gias de Marketing para PDV.<\/p>\n\n\n","protected":false},"excerpt":{"rendered":"<p>Nossa hist\u00f3ria \u00e9 feita de projetos e obras em detalhes.Ao longo de quase duas d\u00e9cadas, ouvimos e entendemos quem busca por uma empresa especializada em projetos e obras comerciais. Do atendimento \u00e0 entrega, cada etapa \u00e9 cuidadosamente realizada para que se construa o maior valor do nosso neg\u00f3cio: confian\u00e7a m\u00fatua. E tem dado certo. Quer [&hellip;]<\/p>\n","protected":false},"author":1,"featured_media":0,"parent":0,"menu_order":0,"comment_status":"closed","ping_status":"closed","template":"page-sobre-nos.php","meta":{"_joinchat":[]},"_links":{"self":[{"href":"https:\/\/www.damai.com.br\/index.php\/wp-json\/wp\/v2\/pages\/10"}],"collection":[{"href":"https:\/\/www.damai.com.br\/index.php\/wp-json\/wp\/v2\/pages"}],"about":[{"href":"https:\/\/www.damai.com.br\/index.php\/wp-json\/wp\/v2\/types\/page"}],"author":[{"embeddable":true,"href":"https:\/\/www.damai.com.br\/index.php\/wp-json\/wp\/v2\/users\/1"}],"replies":[{"embeddable":true,"href":"https:\/\/www.damai.com.br\/index.php\/wp-json\/wp\/v2\/comments?post=10"}],"version-history":[{"count":5,"href":"https:\/\/www.damai.com.br\/index.php\/wp-json\/wp\/v2\/pages\/10\/revisions"}],"predecessor-version":[{"id":577,"href":"https:\/\/www.damai.com.br\/index.php\/wp-json\/wp\/v2\/pages\/10\/revisions\/577"}],"wp:attachment":[{"href":"https:\/\/www.damai.com.br\/index.php\/wp-json\/wp\/v2\/media?parent=10"}],"curies":[{"name":"wp","href":"https:\/\/api.w.org\/{rel}","templated":true}]}}